{"id":987514675,"date":"2024-10-16T15:02:41","date_gmt":"2024-10-16T13:02:41","guid":{"rendered":"https:\/\/www.savethedogs.eu\/?page_id=987514675"},"modified":"2024-10-16T15:02:45","modified_gmt":"2024-10-16T13:02:45","slug":"educational-projects-2","status":"publish","type":"page","link":"https:\/\/www.savethedogs.eu\/en\/projects-in-romania\/educational-projects-2\/","title":{"rendered":"Educational projects"},"content":{"rendered":"<p>[et_pb_section fb_built=&#8221;1&#8243; fullwidth=&#8221;on&#8221; admin_label=&#8221;section&#8221; _builder_version=&#8221;4.16&#8243; background_color=&#8221;#ff551d&#8221; da_disable_devices=&#8221;off|off|off&#8221; transparent_background=&#8221;off&#8221; locked=&#8221;off&#8221; global_colors_info=&#8221;{}&#8221; da_is_popup=&#8221;off&#8221; da_exit_intent=&#8221;off&#8221; da_has_close=&#8221;on&#8221; da_alt_close=&#8221;off&#8221; da_dark_close=&#8221;off&#8221; da_not_modal=&#8221;on&#8221; da_is_singular=&#8221;off&#8221; da_with_loader=&#8221;off&#8221; da_has_shadow=&#8221;on&#8221;][et_pb_fullwidth_header title=&#8221;Educational projects&#8221; content_max_width=&#8221;none&#8221; _builder_version=&#8221;4.16&#8243; background_color=&#8221;rgba(255, 255, 255, 0)&#8221; button_one_letter_spacing_hover=&#8221;0&#8243; button_two_letter_spacing_hover=&#8221;0&#8243; global_colors_info=&#8221;{}&#8221; button_one_text_size__hover_enabled=&#8221;off&#8221; button_two_text_size__hover_enabled=&#8221;off&#8221; button_one_text_color__hover_enabled=&#8221;off&#8221; button_two_text_color__hover_enabled=&#8221;off&#8221; button_one_border_width__hover_enabled=&#8221;off&#8221; button_two_border_width__hover_enabled=&#8221;off&#8221; button_one_border_color__hover_enabled=&#8221;off&#8221; button_two_border_color__hover_enabled=&#8221;off&#8221; button_one_border_radius__hover_enabled=&#8221;off&#8221; button_two_border_radius__hover_enabled=&#8221;off&#8221; button_one_letter_spacing__hover_enabled=&#8221;on&#8221; button_one_letter_spacing__hover=&#8221;0&#8243; button_two_letter_spacing__hover_enabled=&#8221;on&#8221; button_two_letter_spacing__hover=&#8221;0&#8243; button_one_bg_color__hover_enabled=&#8221;off&#8221; button_two_bg_color__hover_enabled=&#8221;off&#8221;][\/et_pb_fullwidth_header][\/et_pb_section][et_pb_section fb_built=&#8221;1&#8243; admin_label=&#8221;section&#8221; module_class=&#8221;logoSezione&#8221; _builder_version=&#8221;4.16&#8243; background_color=&#8221;#ffffff&#8221; da_disable_devices=&#8221;off|off|off&#8221; transparent_background=&#8221;off&#8221; locked=&#8221;off&#8221; global_colors_info=&#8221;{}&#8221; da_is_popup=&#8221;off&#8221; da_exit_intent=&#8221;off&#8221; da_has_close=&#8221;on&#8221; da_alt_close=&#8221;off&#8221; da_dark_close=&#8221;off&#8221; da_not_modal=&#8221;on&#8221; da_is_singular=&#8221;off&#8221; da_with_loader=&#8221;off&#8221; da_has_shadow=&#8221;on&#8221;][et_pb_row column_structure=&#8221;1_2,1_2&#8243; admin_label=&#8221;row&#8221; _builder_version=&#8221;4.16&#8243; background_size=&#8221;initial&#8221; background_position=&#8221;top_left&#8221; background_repeat=&#8221;repeat&#8221; global_colors_info=&#8221;{}&#8221;][et_pb_column type=&#8221;1_2&#8243; _builder_version=&#8221;4.16&#8243; custom_padding=&#8221;|||&#8221; global_colors_info=&#8221;{}&#8221; custom_padding__hover=&#8221;|||&#8221;][et_pb_text _builder_version=&#8221;4.16&#8243; background_size=&#8221;initial&#8221; background_position=&#8221;top_left&#8221; background_repeat=&#8221;repeat&#8221; use_border_color=&#8221;off&#8221; border_color=&#8221;#ffffff&#8221; border_style=&#8221;solid&#8221; global_colors_info=&#8221;{}&#8221;]<\/p>\n<p style=\"text-align: justify;\">After years of intensive veterinary activities, <em>Save the Dogs <\/em>has felt the need to reach not only the owners of the animals but also the kids keen to learn about responsible pet ownership.<\/p>\n<p style=\"text-align: justify;\">Thus, <strong>in 2012 we initiated the project <em>Friends for Life<\/em><\/strong>, that over the years has reached the primary school pupils of Cernavoda and Medgidia and of the villages involved in the activities of the <a href=\"https:\/\/www.savethedogs.eu\/en\/projects-in-romania\/mobile-clinic\/\"><u>mobile clinic<\/u><\/a>.<\/p>\n<p style=\"text-align: justify;\"><strong>Designed for young pupils aged between 6 and 9 years<\/strong>, our training course aims to spread in the adults of tomorrow concepts such as respect of all animals and their needs, the proper management of dogs and cats, the understanding of the phenomenon of stray dogs and the promotion of sterilization.<\/p>\n<p>[\/et_pb_text][et_pb_image src=&#8221;\/\/www.savethedogs.eu\/wp-content\/uploads\/2015\/05\/IMG7237.jpg&#8221; align_tablet=&#8221;center&#8221; align_phone=&#8221;center&#8221; align_last_edited=&#8221;on|desktop&#8221; _builder_version=&#8221;4.16&#8243; animation_style=&#8221;slide&#8221; animation_direction=&#8221;left&#8221; animation_duration=&#8221;500ms&#8221; animation_intensity_slide=&#8221;10%&#8221; use_border_color=&#8221;off&#8221; border_color=&#8221;#ffffff&#8221; border_style=&#8221;solid&#8221; animation=&#8221;left&#8221; sticky=&#8221;off&#8221; always_center_on_mobile=&#8221;on&#8221; global_colors_info=&#8221;{}&#8221;][\/et_pb_image][et_pb_text _builder_version=&#8221;4.16&#8243; background_size=&#8221;initial&#8221; background_position=&#8221;top_left&#8221; background_repeat=&#8221;repeat&#8221; use_border_color=&#8221;off&#8221; border_color=&#8221;#ffffff&#8221; border_style=&#8221;solid&#8221; global_colors_info=&#8221;{}&#8221;]<\/p>\n<p style=\"text-align: justify;\">In 2016 <em>Save the Dogs<\/em>, along with other Romanian associations, joined the <strong>national pilot project <\/strong><em>S\u0103 \u00eenv\u0103\u0163\u0103m despre animale<\/em>, designed by the International organization <a href=\"https:\/\/www.worldanimalprotection.org\/\"><em>World Animal Protection<\/em><\/a> and supported by the Romanian Ministry of Education. <strong>The project aims to place the issue of responsible animal ownership in the curricula of primary and secondary schools<\/strong> all over the national territory.<\/p>\n<p style=\"text-align: justify;\">An online platform has been created to provide support materials to all teachers who wish to take this path together with their pupils.<\/p>\n<p>[\/et_pb_text][\/et_pb_column][et_pb_column type=&#8221;1_2&#8243; _builder_version=&#8221;4.16&#8243; custom_padding=&#8221;|||&#8221; global_colors_info=&#8221;{}&#8221; custom_padding__hover=&#8221;|||&#8221;][et_pb_image src=&#8221;\/\/www.savethedogs.eu\/wp-content\/uploads\/2015\/05\/STD9120.jpg&#8221; align_tablet=&#8221;center&#8221; align_phone=&#8221;center&#8221; align_last_edited=&#8221;on|desktop&#8221; _builder_version=&#8221;4.16&#8243; animation_style=&#8221;slide&#8221; animation_direction=&#8221;left&#8221; animation_duration=&#8221;500ms&#8221; animation_intensity_slide=&#8221;10%&#8221; use_border_color=&#8221;off&#8221; border_color=&#8221;#ffffff&#8221; border_style=&#8221;solid&#8221; animation=&#8221;left&#8221; sticky=&#8221;off&#8221; always_center_on_mobile=&#8221;on&#8221; global_colors_info=&#8221;{}&#8221;][\/et_pb_image][et_pb_text _builder_version=&#8221;4.16&#8243; background_size=&#8221;initial&#8221; background_position=&#8221;top_left&#8221; background_repeat=&#8221;repeat&#8221; use_border_color=&#8221;off&#8221; border_color=&#8221;#ffffff&#8221; border_style=&#8221;solid&#8221; global_colors_info=&#8221;{}&#8221;]<\/p>\n<p style=\"text-align: justify;\">The methodologies and tools used to communicate the basic concepts of the project are both traditional (<strong>lessons in class<\/strong> by a teacher employed by <em>Save the Dogs<\/em>) and alternative (<strong>guided tours<\/strong> at <a href=\"http:\/\/www.footprintsofjoy.eu\/en\/\"><em>Footprints of Joy<\/em><\/a> during the summer, drawing contests, <strong>visit of our vet accompanied by a dog and of the mobile clinic <\/strong>in the schools involved).<\/p>\n<p style=\"text-align: justify;\">These activities allow children to enjoy stimulating experiences that throw the seed for the cultural change needed in the Romanian society.<\/p>\n<p>[\/et_pb_text][et_pb_image src=&#8221;\/\/www.savethedogs.eu\/wp-content\/uploads\/2015\/05\/www.sainvatamdespreanimale.ro_.jpeg&#8221; url=&#8221;http:\/\/www.sainvatamdespreanimale.ro\/&#8221; url_new_window=&#8221;on&#8221; align_tablet=&#8221;center&#8221; align_phone=&#8221;center&#8221; align_last_edited=&#8221;on|desktop&#8221; _builder_version=&#8221;4.16&#8243; animation_style=&#8221;slide&#8221; animation_direction=&#8221;left&#8221; animation_duration=&#8221;500ms&#8221; animation_intensity_slide=&#8221;10%&#8221; use_border_color=&#8221;off&#8221; global_colors_info=&#8221;{}&#8221;][\/et_pb_image][\/et_pb_column][\/et_pb_row][et_pb_row padding_mobile=&#8221;off&#8221; column_padding_mobile=&#8221;on&#8221; disabled_on=&#8221;off|off|off&#8221; _builder_version=&#8221;4.16&#8243; background_size=&#8221;initial&#8221; background_position=&#8221;top_left&#8221; background_repeat=&#8221;repeat&#8221; global_colors_info=&#8221;{}&#8221;][et_pb_column type=&#8221;4_4&#8243; _builder_version=&#8221;4.16&#8243; custom_padding=&#8221;|||&#8221; global_colors_info=&#8221;{}&#8221; custom_padding__hover=&#8221;|||&#8221;][et_pb_cta _builder_version=&#8221;4.16&#8243; text_orientation=&#8221;left&#8221; custom_padding=&#8221;||100px|&#8221; use_border_color=&#8221;off&#8221; border_color=&#8221;#ffffff&#8221; border_style=&#8221;solid&#8221; global_colors_info=&#8221;{}&#8221; button_text_size__hover_enabled=&#8221;off&#8221; button_one_text_size__hover_enabled=&#8221;off&#8221; button_two_text_size__hover_enabled=&#8221;off&#8221; button_text_color__hover_enabled=&#8221;off&#8221; button_one_text_color__hover_enabled=&#8221;off&#8221; button_two_text_color__hover_enabled=&#8221;off&#8221; button_border_width__hover_enabled=&#8221;off&#8221; button_one_border_width__hover_enabled=&#8221;off&#8221; button_two_border_width__hover_enabled=&#8221;off&#8221; button_border_color__hover_enabled=&#8221;off&#8221; button_one_border_color__hover_enabled=&#8221;off&#8221; button_two_border_color__hover_enabled=&#8221;off&#8221; button_border_radius__hover_enabled=&#8221;off&#8221; button_one_border_radius__hover_enabled=&#8221;off&#8221; button_two_border_radius__hover_enabled=&#8221;off&#8221; button_letter_spacing__hover_enabled=&#8221;off&#8221; button_one_letter_spacing__hover_enabled=&#8221;off&#8221; button_two_letter_spacing__hover_enabled=&#8221;off&#8221; button_bg_color__hover_enabled=&#8221;off&#8221; button_one_bg_color__hover_enabled=&#8221;off&#8221; button_two_bg_color__hover_enabled=&#8221;off&#8221;]<\/p>\n<p style=\"text-align: justify;\"><a href=\"https:\/\/petplancharitabletrust.org.uk\/\"><strong><img loading=\"lazy\" decoding=\"async\" class=\" wp-image-45466 alignleft\" src=\"https:\/\/www.savethedogs.eu\/wp-content\/uploads\/2019\/03\/logo_pet_plan.jpg\" alt=\"\" width=\"157\" height=\"145\" \/><\/strong><\/a><\/p>\n<p style=\"text-align: justify;\"><strong><br \/>\nIn 2019 guided tours to our facility have been sponsored by <a href=\"https:\/\/petplancharitabletrust.org.uk\/\"><span style=\"color: #ffffff;\"><u>Pet Plan Charitable Trust<\/u><\/span><\/a>, allowing hundreds of children to learn empathy and compassion towards the animals. <\/strong><\/p>\n<p>[\/et_pb_cta][\/et_pb_column][\/et_pb_row][\/et_pb_section]<\/p>\n","protected":false},"excerpt":{"rendered":"<p>After years of intensive veterinary activities, Save the Dogs has felt the need to reach not only the owners of the animals but also the kids keen to learn about responsible pet ownership. Thus, in 2012 we initiated the project Friends for Life, that over the years has reached the primary school pupils of Cernavoda and Medgidia and of the villages involved in the activities of the mobile clinic. Designed for young pupils aged between 6 and 9 years, our training course aims to spread in the adults of tomorrow concepts such as respect of all animals and their needs, the proper management of dogs and cats, the understanding of the phenomenon of stray dogs and the promotion of sterilization. In 2016 Save the Dogs, along with other Romanian associations, joined the national pilot project S\u0103 \u00eenv\u0103\u0163\u0103m despre animale, designed by the International organization World Animal Protection and supported by the Romanian Ministry of Education. The project aims to place the issue of responsible animal ownership in the curricula of primary and secondary schools all over the national territory. An online platform has been created to provide support materials to all teachers who wish to take this path together with [&hellip;]<\/p>\n","protected":false},"author":54,"featured_media":0,"parent":18541,"menu_order":0,"comment_status":"open","ping_status":"open","template":"","meta":{"_et_pb_use_builder":"on","_et_pb_old_content":"","_et_gb_content_width":"","footnotes":""},"categories":[],"tags":[],"class_list":["post-987514675","page","type-page","status-publish","hentry"],"yoast_head":"<!-- This site is optimized with the Yoast SEO plugin v27.5 - https:\/\/yoast.com\/product\/yoast-seo-wordpress\/ -->\n<title>Educational projects - Save the Dogs and other Animals ETS<\/title>\n<meta name=\"robots\" content=\"index, follow, max-snippet:-1, max-image-preview:large, max-video-preview:-1\" \/>\n<link rel=\"canonical\" href=\"https:\/\/www.savethedogs.eu\/en\/projects-in-romania\/educational-projects-2\/\" \/>\n<meta property=\"og:locale\" content=\"en_US\" \/>\n<meta property=\"og:type\" content=\"article\" \/>\n<meta property=\"og:title\" content=\"Educational projects - Save the Dogs and other Animals ETS\" \/>\n<meta property=\"og:description\" content=\"After years of intensive veterinary activities, Save the Dogs has felt the need to reach not only the owners of the animals but also the kids keen to learn about responsible pet ownership. Thus, in 2012 we initiated the project Friends for Life, that over the years has reached the primary school pupils of Cernavoda and Medgidia and of the villages involved in the activities of the mobile clinic. Designed for young pupils aged between 6 and 9 years, our training course aims to spread in the adults of tomorrow concepts such as respect of all animals and their needs, the proper management of dogs and cats, the understanding of the phenomenon of stray dogs and the promotion of sterilization. In 2016 Save the Dogs, along with other Romanian associations, joined the national pilot project S\u0103 \u00eenv\u0103\u0163\u0103m despre animale, designed by the International organization World Animal Protection and supported by the Romanian Ministry of Education. The project aims to place the issue of responsible animal ownership in the curricula of primary and secondary schools all over the national territory. An online platform has been created to provide support materials to all teachers who wish to take this path together with [&hellip;]\" \/>\n<meta property=\"og:url\" content=\"https:\/\/www.savethedogs.eu\/en\/projects-in-romania\/educational-projects-2\/\" \/>\n<meta property=\"og:site_name\" content=\"Save the Dogs and other Animals ETS\" \/>\n<meta property=\"article:publisher\" content=\"https:\/\/www.facebook.com\/SavetheDogsSTD?ref=bookmarks\" \/>\n<meta property=\"article:modified_time\" content=\"2024-10-16T13:02:45+00:00\" \/>\n<meta property=\"og:image\" content=\"https:\/\/www.savethedogs.eu\/wp-content\/uploads\/2019\/03\/logo_pet_plan.jpg\" \/>\n<meta name=\"twitter:card\" content=\"summary_large_image\" \/>\n<meta name=\"twitter:site\" content=\"@SavetheDogsSTD\" \/>\n<meta name=\"twitter:label1\" content=\"Est. reading time\" \/>\n\t<meta name=\"twitter:data1\" content=\"3 minutes\" \/>\n<script type=\"application\/ld+json\" class=\"yoast-schema-graph\">{\"@context\":\"https:\\\/\\\/schema.org\",\"@graph\":[{\"@type\":\"WebPage\",\"@id\":\"https:\\\/\\\/www.savethedogs.eu\\\/en\\\/projects-in-romania\\\/educational-projects-2\\\/\",\"url\":\"https:\\\/\\\/www.savethedogs.eu\\\/en\\\/projects-in-romania\\\/educational-projects-2\\\/\",\"name\":\"Educational projects - Save the Dogs and other Animals ETS\",\"isPartOf\":{\"@id\":\"https:\\\/\\\/www.savethedogs.eu\\\/#website\"},\"primaryImageOfPage\":{\"@id\":\"https:\\\/\\\/www.savethedogs.eu\\\/en\\\/projects-in-romania\\\/educational-projects-2\\\/#primaryimage\"},\"image\":{\"@id\":\"https:\\\/\\\/www.savethedogs.eu\\\/en\\\/projects-in-romania\\\/educational-projects-2\\\/#primaryimage\"},\"thumbnailUrl\":\"https:\\\/\\\/www.savethedogs.eu\\\/wp-content\\\/uploads\\\/2019\\\/03\\\/logo_pet_plan.jpg\",\"datePublished\":\"2024-10-16T13:02:41+00:00\",\"dateModified\":\"2024-10-16T13:02:45+00:00\",\"breadcrumb\":{\"@id\":\"https:\\\/\\\/www.savethedogs.eu\\\/en\\\/projects-in-romania\\\/educational-projects-2\\\/#breadcrumb\"},\"inLanguage\":\"en-US\",\"potentialAction\":[{\"@type\":\"ReadAction\",\"target\":[\"https:\\\/\\\/www.savethedogs.eu\\\/en\\\/projects-in-romania\\\/educational-projects-2\\\/\"]}]},{\"@type\":\"ImageObject\",\"inLanguage\":\"en-US\",\"@id\":\"https:\\\/\\\/www.savethedogs.eu\\\/en\\\/projects-in-romania\\\/educational-projects-2\\\/#primaryimage\",\"url\":\"https:\\\/\\\/www.savethedogs.eu\\\/wp-content\\\/uploads\\\/2019\\\/03\\\/logo_pet_plan.jpg\",\"contentUrl\":\"https:\\\/\\\/www.savethedogs.eu\\\/wp-content\\\/uploads\\\/2019\\\/03\\\/logo_pet_plan.jpg\"},{\"@type\":\"BreadcrumbList\",\"@id\":\"https:\\\/\\\/www.savethedogs.eu\\\/en\\\/projects-in-romania\\\/educational-projects-2\\\/#breadcrumb\",\"itemListElement\":[{\"@type\":\"ListItem\",\"position\":1,\"name\":\"Home\",\"item\":\"https:\\\/\\\/www.savethedogs.eu\\\/en\\\/\"},{\"@type\":\"ListItem\",\"position\":2,\"name\":\"Projects in Romania\",\"item\":\"https:\\\/\\\/www.savethedogs.eu\\\/en\\\/projects-in-romania\\\/\"},{\"@type\":\"ListItem\",\"position\":3,\"name\":\"Educational projects\"}]},{\"@type\":\"WebSite\",\"@id\":\"https:\\\/\\\/www.savethedogs.eu\\\/#website\",\"url\":\"https:\\\/\\\/www.savethedogs.eu\\\/\",\"name\":\"Save the Dogs and other Animals ETS\",\"description\":\"Save the Dogs ha come mission la prevenzione del randagismo e del sovrappopolamento canino e felino attraverso la sterilizzazione e la salvaguardia degli animali da compagnia.\",\"potentialAction\":[{\"@type\":\"SearchAction\",\"target\":{\"@type\":\"EntryPoint\",\"urlTemplate\":\"https:\\\/\\\/www.savethedogs.eu\\\/?s={search_term_string}\"},\"query-input\":{\"@type\":\"PropertyValueSpecification\",\"valueRequired\":true,\"valueName\":\"search_term_string\"}}],\"inLanguage\":\"en-US\"}]}<\/script>\n<!-- \/ Yoast SEO plugin. -->","yoast_head_json":{"title":"Educational projects - Save the Dogs and other Animals ETS","robots":{"index":"index","follow":"follow","max-snippet":"max-snippet:-1","max-image-preview":"max-image-preview:large","max-video-preview":"max-video-preview:-1"},"canonical":"https:\/\/www.savethedogs.eu\/en\/projects-in-romania\/educational-projects-2\/","og_locale":"en_US","og_type":"article","og_title":"Educational projects - Save the Dogs and other Animals ETS","og_description":"After years of intensive veterinary activities, Save the Dogs has felt the need to reach not only the owners of the animals but also the kids keen to learn about responsible pet ownership. Thus, in 2012 we initiated the project Friends for Life, that over the years has reached the primary school pupils of Cernavoda and Medgidia and of the villages involved in the activities of the mobile clinic. Designed for young pupils aged between 6 and 9 years, our training course aims to spread in the adults of tomorrow concepts such as respect of all animals and their needs, the proper management of dogs and cats, the understanding of the phenomenon of stray dogs and the promotion of sterilization. In 2016 Save the Dogs, along with other Romanian associations, joined the national pilot project S\u0103 \u00eenv\u0103\u0163\u0103m despre animale, designed by the International organization World Animal Protection and supported by the Romanian Ministry of Education. The project aims to place the issue of responsible animal ownership in the curricula of primary and secondary schools all over the national territory. An online platform has been created to provide support materials to all teachers who wish to take this path together with [&hellip;]","og_url":"https:\/\/www.savethedogs.eu\/en\/projects-in-romania\/educational-projects-2\/","og_site_name":"Save the Dogs and other Animals ETS","article_publisher":"https:\/\/www.facebook.com\/SavetheDogsSTD?ref=bookmarks","article_modified_time":"2024-10-16T13:02:45+00:00","og_image":[{"url":"https:\/\/www.savethedogs.eu\/wp-content\/uploads\/2019\/03\/logo_pet_plan.jpg","type":"","width":"","height":""}],"twitter_card":"summary_large_image","twitter_site":"@SavetheDogsSTD","twitter_misc":{"Est. reading time":"3 minutes"},"schema":{"@context":"https:\/\/schema.org","@graph":[{"@type":"WebPage","@id":"https:\/\/www.savethedogs.eu\/en\/projects-in-romania\/educational-projects-2\/","url":"https:\/\/www.savethedogs.eu\/en\/projects-in-romania\/educational-projects-2\/","name":"Educational projects - Save the Dogs and other Animals ETS","isPartOf":{"@id":"https:\/\/www.savethedogs.eu\/#website"},"primaryImageOfPage":{"@id":"https:\/\/www.savethedogs.eu\/en\/projects-in-romania\/educational-projects-2\/#primaryimage"},"image":{"@id":"https:\/\/www.savethedogs.eu\/en\/projects-in-romania\/educational-projects-2\/#primaryimage"},"thumbnailUrl":"https:\/\/www.savethedogs.eu\/wp-content\/uploads\/2019\/03\/logo_pet_plan.jpg","datePublished":"2024-10-16T13:02:41+00:00","dateModified":"2024-10-16T13:02:45+00:00","breadcrumb":{"@id":"https:\/\/www.savethedogs.eu\/en\/projects-in-romania\/educational-projects-2\/#breadcrumb"},"inLanguage":"en-US","potentialAction":[{"@type":"ReadAction","target":["https:\/\/www.savethedogs.eu\/en\/projects-in-romania\/educational-projects-2\/"]}]},{"@type":"ImageObject","inLanguage":"en-US","@id":"https:\/\/www.savethedogs.eu\/en\/projects-in-romania\/educational-projects-2\/#primaryimage","url":"https:\/\/www.savethedogs.eu\/wp-content\/uploads\/2019\/03\/logo_pet_plan.jpg","contentUrl":"https:\/\/www.savethedogs.eu\/wp-content\/uploads\/2019\/03\/logo_pet_plan.jpg"},{"@type":"BreadcrumbList","@id":"https:\/\/www.savethedogs.eu\/en\/projects-in-romania\/educational-projects-2\/#breadcrumb","itemListElement":[{"@type":"ListItem","position":1,"name":"Home","item":"https:\/\/www.savethedogs.eu\/en\/"},{"@type":"ListItem","position":2,"name":"Projects in Romania","item":"https:\/\/www.savethedogs.eu\/en\/projects-in-romania\/"},{"@type":"ListItem","position":3,"name":"Educational projects"}]},{"@type":"WebSite","@id":"https:\/\/www.savethedogs.eu\/#website","url":"https:\/\/www.savethedogs.eu\/","name":"Save the Dogs and other Animals ETS","description":"Save the Dogs ha come mission la prevenzione del randagismo e del sovrappopolamento canino e felino attraverso la sterilizzazione e la salvaguardia degli animali da compagnia.","potentialAction":[{"@type":"SearchAction","target":{"@type":"EntryPoint","urlTemplate":"https:\/\/www.savethedogs.eu\/?s={search_term_string}"},"query-input":{"@type":"PropertyValueSpecification","valueRequired":true,"valueName":"search_term_string"}}],"inLanguage":"en-US"}]}},"_links":{"self":[{"href":"https:\/\/www.savethedogs.eu\/en\/wp-json\/wp\/v2\/pages\/987514675","targetHints":{"allow":["GET"]}}],"collection":[{"href":"https:\/\/www.savethedogs.eu\/en\/wp-json\/wp\/v2\/pages"}],"about":[{"href":"https:\/\/www.savethedogs.eu\/en\/wp-json\/wp\/v2\/types\/page"}],"author":[{"embeddable":true,"href":"https:\/\/www.savethedogs.eu\/en\/wp-json\/wp\/v2\/users\/54"}],"replies":[{"embeddable":true,"href":"https:\/\/www.savethedogs.eu\/en\/wp-json\/wp\/v2\/comments?post=987514675"}],"version-history":[{"count":3,"href":"https:\/\/www.savethedogs.eu\/en\/wp-json\/wp\/v2\/pages\/987514675\/revisions"}],"predecessor-version":[{"id":987514679,"href":"https:\/\/www.savethedogs.eu\/en\/wp-json\/wp\/v2\/pages\/987514675\/revisions\/987514679"}],"up":[{"embeddable":true,"href":"https:\/\/www.savethedogs.eu\/en\/wp-json\/wp\/v2\/pages\/18541"}],"wp:attachment":[{"href":"https:\/\/www.savethedogs.eu\/en\/wp-json\/wp\/v2\/media?parent=987514675"}],"wp:term":[{"taxonomy":"category","embeddable":true,"href":"https:\/\/www.savethedogs.eu\/en\/wp-json\/wp\/v2\/categories?post=987514675"},{"taxonomy":"post_tag","embeddable":true,"href":"https:\/\/www.savethedogs.eu\/en\/wp-json\/wp\/v2\/tags?post=987514675"}],"curies":[{"name":"wp","href":"https:\/\/api.w.org\/{rel}","templated":true}]}}